{"id":1717,"date":"2022-09-20T09:23:27","date_gmt":"2022-09-20T09:23:27","guid":{"rendered":"https:\/\/dalcokonsult.se\/?page_id=1717"},"modified":"2023-08-07T07:59:18","modified_gmt":"2023-08-07T07:59:18","slug":"projektingenjor-getingmidjan","status":"publish","type":"page","link":"https:\/\/dalcokonsult.se\/?page_id=1717","title":{"rendered":"PROJEKTINGENJ\u00d6RER GETINGMIDJAN"},"content":{"rendered":"\n<p>Upprustningen av Sveriges viktigaste t\u00e5gstr\u00e4cka Stockholm Central \u2013 Stockholm S\u00f6dra och f\u00f6rl\u00e4nga den tekniska livsl\u00e4ngden med 80 \u00e5r.&nbsp;Som projektingenj\u00f6r \u00e4r de fr\u00e4msta fokusomr\u00e5den \u00f6vergripande ekonomihantering, informationsl\u00e4nk mellan projekt och enheten, uppf\u00f6ljnings av resurskonsulter samt st\u00f6d till projektets internarbete.&nbsp;<\/p>\n\n\n\n<p><a href=\"https:\/\/www.trafikverket.se\/vara-projekt\/projekt-i-stockholms-lan\/getingmidjan\/\" target=\"_blank\" rel=\"noreferrer noopener\">Getingmidjan, Stockholm Central &#8211; Stockholm s\u00f6dra &#8211; www.trafikverket.se<\/a>&nbsp;<\/p>\n","protected":false},"excerpt":{"rendered":"<p>Upprustningen av Sveriges viktigaste t\u00e5gstr\u00e4cka Stockholm Central<\/p>\n","protected":false},"author":1,"featured_media":0,"parent":0,"menu_order":0,"comment_status":"closed","ping_status":"closed","template":"template-fullwidth.php","meta":{"footnotes":""},"class_list":["post-1717","page","type-page","status-publish","hentry"],"_links":{"self":[{"href":"https:\/\/dalcokonsult.se\/index.php?rest_route=\/wp\/v2\/pages\/1717","targetHints":{"allow":["GET"]}}],"collection":[{"href":"https:\/\/dalcokonsult.se\/index.php?rest_route=\/wp\/v2\/pages"}],"about":[{"href":"https:\/\/dalcokonsult.se\/index.php?rest_route=\/wp\/v2\/types\/page"}],"author":[{"embeddable":true,"href":"https:\/\/dalcokonsult.se\/index.php?rest_route=\/wp\/v2\/users\/1"}],"replies":[{"embeddable":true,"href":"https:\/\/dalcokonsult.se\/index.php?rest_route=%2Fwp%2Fv2%2Fcomments&post=1717"}],"version-history":[{"count":5,"href":"https:\/\/dalcokonsult.se\/index.php?rest_route=\/wp\/v2\/pages\/1717\/revisions"}],"predecessor-version":[{"id":1808,"href":"https:\/\/dalcokonsult.se\/index.php?rest_route=\/wp\/v2\/pages\/1717\/revisions\/1808"}],"wp:attachment":[{"href":"https:\/\/dalcokonsult.se\/index.php?rest_route=%2Fwp%2Fv2%2Fmedia&parent=1717"}],"curies":[{"name":"wp","href":"https:\/\/api.w.org\/{rel}","templated":true}]}}