{"id":1656,"date":"2022-08-25T11:08:45","date_gmt":"2022-08-25T11:08:45","guid":{"rendered":"https:\/\/34.88.131.150\/?page_id=1656"},"modified":"2023-08-07T08:12:21","modified_gmt":"2023-08-07T08:12:21","slug":"datasamordnare-sparvag-syd-och-roslagsbanan-till-city","status":"publish","type":"page","link":"https:\/\/dalcokonsult.se\/?page_id=1656","title":{"rendered":"DATASAMORDNARE SP\u00c5RV\u00c4G SYD"},"content":{"rendered":"\n<p>Sverigef\u00f6rhandlingens Ramavtal 6, Storstad Stockholm ingicks i april 2017 och omfattar objekten Sp\u00e5rv\u00e4g syd, Roslagsbanan till city och Tunnelbanan Fridhemsplan, \u00c4lvsj\u00f6. Sverigef\u00f6rhandlingen bygger p\u00e5 en princip om att staten medfinansierar infrastrukturutbyggnad mot&nbsp;att kommunerna ser till att det byggs nya bost\u00e4der \u00b1de aktuella objekten m\u00f6jligg\u00f6r tillkommande bost\u00e4der genom f\u00f6rt\u00e4tning och&nbsp;exploatering. L\u00e4s mer om\u202f<a rel=\"noreferrer noopener\" href=\"http:\/\/sverigeforhandlingen.se\/\" target=\"_blank\">Sverigef\u00f6rhandlingen<\/a>.&nbsp;<\/p>\n","protected":false},"excerpt":{"rendered":"<p>Sp\u00e5rv\u00e4g Syd kommer g\u00f6ra det enklare att resa i s\u00f6dra delarna av Stockholm. <\/p>\n","protected":false},"author":1,"featured_media":0,"parent":0,"menu_order":0,"comment_status":"closed","ping_status":"closed","template":"template-fullwidth.php","meta":{"footnotes":""},"class_list":["post-1656","page","type-page","status-publish","hentry"],"_links":{"self":[{"href":"https:\/\/dalcokonsult.se\/index.php?rest_route=\/wp\/v2\/pages\/1656","targetHints":{"allow":["GET"]}}],"collection":[{"href":"https:\/\/dalcokonsult.se\/index.php?rest_route=\/wp\/v2\/pages"}],"about":[{"href":"https:\/\/dalcokonsult.se\/index.php?rest_route=\/wp\/v2\/types\/page"}],"author":[{"embeddable":true,"href":"https:\/\/dalcokonsult.se\/index.php?rest_route=\/wp\/v2\/users\/1"}],"replies":[{"embeddable":true,"href":"https:\/\/dalcokonsult.se\/index.php?rest_route=%2Fwp%2Fv2%2Fcomments&post=1656"}],"version-history":[{"count":4,"href":"https:\/\/dalcokonsult.se\/index.php?rest_route=\/wp\/v2\/pages\/1656\/revisions"}],"predecessor-version":[{"id":1817,"href":"https:\/\/dalcokonsult.se\/index.php?rest_route=\/wp\/v2\/pages\/1656\/revisions\/1817"}],"wp:attachment":[{"href":"https:\/\/dalcokonsult.se\/index.php?rest_route=%2Fwp%2Fv2%2Fmedia&parent=1656"}],"curies":[{"name":"wp","href":"https:\/\/api.w.org\/{rel}","templated":true}]}}