{"id":1651,"date":"2022-08-25T11:05:29","date_gmt":"2022-08-25T11:05:29","guid":{"rendered":"https:\/\/34.88.131.150\/?page_id=1651"},"modified":"2023-08-07T08:13:42","modified_gmt":"2023-08-07T08:13:42","slug":"telespecialist-ostlanken-trv","status":"publish","type":"page","link":"https:\/\/dalcokonsult.se\/?page_id=1651","title":{"rendered":"TELESPECIALIST OSTL\u00c4NKEN, TRV\u00a0"},"content":{"rendered":"\n<p>Ostl\u00e4nken planeras som en dubbelsp\u00e5rig h\u00f6ghastighetsj\u00e4rnv\u00e4g mellan J\u00e4rna och Link\u00f6ping, en str\u00e4cka p\u00e5 16 mil. Med Ostl\u00e4nken ska du kunna \u00e5ka snabbare, p\u00e5litligare och h\u00e5llbart. Ostl\u00e4nken mellan J\u00e4rna och Link\u00f6ping ska svara p\u00e5 m\u00e4nniskors behov av h\u00e5llbara resor och&nbsp;transporter, ge regionerna chans att v\u00e4xa samt skapa m\u00f6jligheter att ut\u00f6ka andelen regionaltrafik och godstransporter p\u00e5 den befintliga j\u00e4rnv\u00e4gen.&nbsp;<br>Mer information finns p\u00e5\u202f<a rel=\"noreferrer noopener\" href=\"https:\/\/www.trafikverket.se\/ostlanken\" target=\"_blank\">www.trafikverket.se\/ostlanken<\/a>&nbsp;<\/p>\n","protected":false},"excerpt":{"rendered":"<p>Ostl\u00e4nken planeras som en dubbelsp\u00e5rig h\u00f6ghastighetsj\u00e4rnv\u00e4g mellan J\u00e4rna och Link\u00f6ping &#8230;<\/p>\n","protected":false},"author":1,"featured_media":0,"parent":0,"menu_order":0,"comment_status":"closed","ping_status":"closed","template":"template-fullwidth.php","meta":{"footnotes":""},"class_list":["post-1651","page","type-page","status-publish","hentry"],"_links":{"self":[{"href":"https:\/\/dalcokonsult.se\/index.php?rest_route=\/wp\/v2\/pages\/1651","targetHints":{"allow":["GET"]}}],"collection":[{"href":"https:\/\/dalcokonsult.se\/index.php?rest_route=\/wp\/v2\/pages"}],"about":[{"href":"https:\/\/dalcokonsult.se\/index.php?rest_route=\/wp\/v2\/types\/page"}],"author":[{"embeddable":true,"href":"https:\/\/dalcokonsult.se\/index.php?rest_route=\/wp\/v2\/users\/1"}],"replies":[{"embeddable":true,"href":"https:\/\/dalcokonsult.se\/index.php?rest_route=%2Fwp%2Fv2%2Fcomments&post=1651"}],"version-history":[{"count":4,"href":"https:\/\/dalcokonsult.se\/index.php?rest_route=\/wp\/v2\/pages\/1651\/revisions"}],"predecessor-version":[{"id":1819,"href":"https:\/\/dalcokonsult.se\/index.php?rest_route=\/wp\/v2\/pages\/1651\/revisions\/1819"}],"wp:attachment":[{"href":"https:\/\/dalcokonsult.se\/index.php?rest_route=%2Fwp%2Fv2%2Fmedia&parent=1651"}],"curies":[{"name":"wp","href":"https:\/\/api.w.org\/{rel}","templated":true}]}}